{"id":1163,"date":"2018-05-24T12:09:24","date_gmt":"2018-05-24T10:09:24","guid":{"rendered":"http:\/\/www.design-sensation.at\/web\/?page_id=1163"},"modified":"2018-05-24T14:19:23","modified_gmt":"2018-05-24T12:19:23","slug":"datenschutzerklaerung","status":"publish","type":"page","link":"http:\/\/www.design-sensation.at\/web\/datenschutzerklaerung\/","title":{"rendered":"Datenschutzerkl\u00e4rung"},"content":{"rendered":"<p>Der Schutz Ihrer pers\u00f6nlichen Daten ist uns ein besonderes Anliegen. Wir verarbeiten Ihre Daten daher ausschlie\u00dflich auf Grundlage der gesetzlichen Bestimmungen (DSGVO, TKG 2003). In diesen Datenschutzinformationen informieren wir Sie \u00fcber die wichtigsten Aspekte der Datenverarbeitung im Rahmen unserer Website.<\/p>\n<p>Wir verarbeiten Ihre personenbezogenen Daten, die unter folgende Datenkategorien fallen:<br \/>\n\u2022\tName\/Firma,<br \/>\n\u2022\tAnsprechperson,<br \/>\n\u2022\tGesch\u00e4ftsanschrift und sonstige Adressen des Kunden,<br \/>\n\u2022\tTelefonnummer, E-Mail-Adresse.<\/p>\n<p>Sie haben uns Daten \u00fcber sich freiwillig zufolge eines Auftrages bzw. Angebotserstellung zur Verf\u00fcgung gestellt und wir verarbeiten diese Daten auf Grundlage Ihrer Einwilligung zu folgenden Zwecken:<br \/>\n\u2022\tBetreuung des Kunden sowie<br \/>\n\u2022\tRechnungslegung<br \/>\n\u2022\tAngebotserstellung<\/p>\n<p>Sie k\u00f6nnen diese Einwilligung jederzeit widerrufen. Ein Widerruf hat zur Folge, dass wir Ihre Daten ab diesem Zeitpunkt zu oben genannten Zwecken nicht mehr verarbeiten. F\u00fcr einen Widerruf wenden Sie sich bitte an: office@design-sensation.at<\/p>\n<p>Die von Ihnen bereit gestellten Daten sind weiters zur Vertragserf\u00fcllung bzw. zur Durchf\u00fchrung vorvertraglicher Ma\u00dfnahmen erforderlich. Ohne diese Daten k\u00f6nnen wir den Vertrag mit Ihnen nicht abschlie\u00dfen.<\/p>\n<p>Verwendung von Facebook Social Plugins<br \/>\nWir nutzen auf Grundlage unserer berechtigten Interessen (d.h. Interesse an der Analyse, Optimierung und wirtschaftlichem Betrieb unseres Onlineangebotes im Sinne des Art. 6 Abs. 1 lit. f. DSGVO) Social Plugins (\"Plugins\") des sozialen Netzwerkes facebook.com, welches von der Facebook Ireland Ltd., 4 Grand Canal Square, Grand Canal Harbour, Dublin 2, Irland betrieben wird (\"Facebook\"). Die Plugins k\u00f6nnen Interaktionselemente oder Inhalte (z.B. Videos, Grafiken oder Textbeitr\u00e4ge) darstellen und sind an einem der Facebook Logos erkennbar (wei\u00dfes \u201ef\u201c auf blauer Kachel, den Begriffen \"Like\", \"Gef\u00e4llt mir\" oder einem \u201eDaumen hoch\u201c-Zeichen) oder sind mit dem Zusatz \"Facebook Social Plugin\" gekennzeichnet. Die Liste und das Aussehen der Facebook Social Plugins kann hier eingesehen werden: https:\/\/developers.facebook.com\/docs\/plugins\/.<br \/>\nFacebook ist unter dem Privacy-Shield-Abkommen zertifiziert und bietet hierdurch eine Garantie, das europ\u00e4ische Datenschutzrecht einzuhalten.<\/p>\n<p>Onlinepr\u00e4senzen in sozialen Medien<br \/>\nWir unterhalten Onlinepr\u00e4senzen innerhalb sozialer Netzwerke und Plattformen, um mit den dort aktiven Kunden, Interessenten und Nutzern kommunizieren und sie dort \u00fcber unsere Leistungen informieren zu k\u00f6nnen. Beim Aufruf der jeweiligen Netzwerke und Plattformen gelten die Gesch\u00e4ftsbedingungen und die Datenverarbeitungsrichtlinien deren jeweiligen Betreiber.<br \/>\nSoweit nicht anders im Rahmen unserer Datenschutzerkl\u00e4rung angegeben, verarbeiten wird die Daten der Nutzer sofern diese mit uns innerhalb der sozialen Netzwerke und Plattformen kommunizieren, z.B. Beitr\u00e4ge auf unseren Onlinepr\u00e4senzen verfassen oder uns Nachrichten zusenden.<\/p>\n<p>Google Maps<br \/>\nWir binden die Landkarten des Dienstes \u201cGoogle Maps\u201d des Anbieters Google LLC, 1600 Amphitheatre Parkway, Mountain View, CA 94043, USA, ein. Datenschutzerkl\u00e4rung: https:\/\/www.google.com\/policies\/privacy\/, Opt-Out: https:\/\/adssettings.google.com\/authenticated.<\/p>\n<p>Google Fonts<br \/>\nWir binden die Schriftarten (\"Google Fonts\") des Anbieters Google LLC, 1600 Amphitheatre Parkway, Mountain View, CA 94043, USA, ein. Datenschutzerkl\u00e4rung: https:\/\/www.google.com\/policies\/privacy\/, Opt-Out: https:\/\/adssettings.google.com\/authenticated.<\/p>\n<p>Ihre Rechte<br \/>\nIhnen stehen grunds\u00e4tzlich die Rechte auf Auskunft (welche Daten werden erfasst und gespeichert), Berichtigung (im Falle einer Namens- oder Adress\u00e4nderung, o.\u00c4.), L\u00f6schung (wenn die Daten nicht zur Erf\u00fcllung eines Vertrages oder einer anderen gesetzlichen Verbindlichkeit ben\u00f6tigt werden), Einschr\u00e4nkung (wenn Sie z.B. Beschwerde \u00fcber die Verarbeitung eingelegt haben und der Sachverhalt noch nicht gekl\u00e4rt ist), Daten\u00fcbertragbarkeit (Ihre Daten k\u00f6nnen in besonderen F\u00e4llen an Dritte auf Ihren Wunsch hin \u00fcbertragen werden), Widerspruch (Sie k\u00f6nnen jederzeit Ihrer Einwilligung zur Datenverarbeitung widersprechen) zu. Wenn Sie glauben, dass die Verarbeitung Ihrer Daten gegen das Datenschutzrecht verst\u00f6\u00dft oder Ihre datenschutzrechtlichen Anspr\u00fcche sonst in einer Weise verletzt worden sind, k\u00f6nnen Sie sich bei der Aufsichtsbeh\u00f6rde beschweren. In \u00d6sterreich ist dies die Datenschutzbeh\u00f6rde.<\/p>\n<p>Kontakt mit uns<br \/>\nWenn Sie per Formular auf der Website oder per E-Mail Kontakt mit uns aufnehmen, werden Ihre angegebenen Daten zwecks Bearbeitung der Anfrage und f\u00fcr den Fall von Anschlussfragen einen Monat bei uns gespeichert. Diese Daten geben wir nicht ohne Ihre Einwilligung weiter.<\/p>\n","protected":false},"excerpt":{"rendered":"<p>Der Schutz Ihrer pers\u00f6nlichen Daten ist uns ein besonderes Anliegen. Wir verarbeiten Ihre Daten daher ausschlie\u00dflich auf Grundlage der gesetzlichen Bestimmungen (DSGVO, TKG 2003). In diesen Datenschutzinformationen informieren wir Sie \u00fcber die wichtigsten Aspekte der Datenverarbeitung im Rahmen unserer Website. Wir verarbeiten Ihre personenbezogenen Daten, die unter folgende Datenkategorien fallen: \u2022 Name\/Firma, \u2022 Ansprechperson, \u2022&#8230;<\/p>\n","protected":false},"author":1,"featured_media":0,"parent":0,"menu_order":5,"comment_status":"closed","ping_status":"closed","template":"","meta":[],"_links":{"self":[{"href":"http:\/\/www.design-sensation.at\/web\/wp-json\/wp\/v2\/pages\/1163"}],"collection":[{"href":"http:\/\/www.design-sensation.at\/web\/wp-json\/wp\/v2\/pages"}],"about":[{"href":"http:\/\/www.design-sensation.at\/web\/wp-json\/wp\/v2\/types\/page"}],"author":[{"embeddable":true,"href":"http:\/\/www.design-sensation.at\/web\/wp-json\/wp\/v2\/users\/1"}],"replies":[{"embeddable":true,"href":"http:\/\/www.design-sensation.at\/web\/wp-json\/wp\/v2\/comments?post=1163"}],"version-history":[{"count":7,"href":"http:\/\/www.design-sensation.at\/web\/wp-json\/wp\/v2\/pages\/1163\/revisions"}],"predecessor-version":[{"id":1176,"href":"http:\/\/www.design-sensation.at\/web\/wp-json\/wp\/v2\/pages\/1163\/revisions\/1176"}],"wp:attachment":[{"href":"http:\/\/www.design-sensation.at\/web\/wp-json\/wp\/v2\/media?parent=1163"}],"curies":[{"name":"wp","href":"https:\/\/api.w.org\/{rel}","templated":true}]}}